{"id":111,"date":"2019-12-21T16:09:44","date_gmt":"2019-12-21T16:09:44","guid":{"rendered":"https:\/\/www.sexmeros.com\/SexmoSanLorenzo\/?page_id=111"},"modified":"2022-06-08T13:15:58","modified_gmt":"2022-06-08T13:15:58","slug":"como-llegar","status":"publish","type":"page","link":"https:\/\/www.sexmeros.com\/SexmoSanLorenzo\/informacion\/como-llegar\/","title":{"rendered":"Como llegar"},"content":{"rendered":"\t\t<div data-elementor-type=\"wp-page\" data-elementor-id=\"111\" class=\"elementor elementor-111\">\n\t\t\t\t\t\t<section class=\"elementor-section elementor-top-section elementor-element elementor-element-37fb7243 elementor-section-boxed elementor-section-height-default elementor-section-height-default\" data-id=\"37fb7243\" data-element_type=\"section\" data-e-type=\"section\">\n\t\t\t\t\t\t<div class=\"elementor-container elementor-column-gap-default\">\n\t\t\t\t\t<div class=\"elementor-column elementor-col-100 elementor-top-column elementor-element elementor-element-20cdf0bf\" data-id=\"20cdf0bf\" data-element_type=\"column\" data-e-type=\"column\">\n\t\t\t<div class=\"elementor-widget-wrap elementor-element-populated\">\n\t\t\t\t\t\t<div class=\"elementor-element elementor-element-52f0b7d5 elementor-widget elementor-widget-text-editor\" data-id=\"52f0b7d5\" data-element_type=\"widget\" data-e-type=\"widget\" data-widget_type=\"text-editor.default\">\n\t\t\t\t<div class=\"elementor-widget-container\">\n\t\t\t\t\t\t\t\t\t<h1 style=\"text-align: center;margin-top: 40;margin-bottom: 20;\" class=\"site__title\">Como llegar<\/h1>    <div class=\"site__centered content\" >\n    <p>El evento se celebra en el Sexmo de San Lorenzo, una zona de la provincia de Segovia que reune a un grupo de municipios.<\/p><p>Un Sexmo, era un modelo urbano, la organizaci\u00f3n de un espacio territorial entorno a una gran Ciudad en Castilla. La salida y llegada se realizar\u00e1n desde el municipio de Torrecaballeros. Este municipio se encuentra a tan solo 15 minutos de Segovia. La forma m\u00e1s f\u00e1cil de llegar es por la carretera Nacional 110 (Soria-Plasencia).<\/p>    <\/div>\n<!-- where -->\n<section class=\"where\" >\n\n    <!-- where -->\n    <div class=\"where__map\">\n        <div id=\"map\" data-action=\"php\/location.php\" data-lat=\"50.45955979\" data-lng=\"30.43816450\" data-map='{\"locations\":[{\"id\":393,\"color\":\"\",\"coordinates\":[\"41.034459\",\"-4.053105\"],\"description\":\"Brieva, Segovia, Espa\\u00f1a\",\"title\":\"Brieva\",\"icon\":\"https:\\\/\\\/www.sexmeros.com\\\/SexmoSanLorenzo\\\/wp-content\\\/themes\\\/fudge2\\\/assets\\\/img\\\/marker1.png\"},{\"id\":148,\"color\":\"\",\"coordinates\":[\"40.948018\",\"-4.117967\"],\"description\":\"Plaza del Azoguejo, 40001 Segovia\",\"title\":\"Segovia\",\"icon\":\"https:\\\/\\\/www.sexmeros.com\\\/SexmoSanLorenzo\\\/wp-content\\\/themes\\\/fudge2\\\/assets\\\/img\\\/marker1.png\"},{\"id\":16,\"color\":\"#1e73be\",\"coordinates\":[\"40.995695\",\"-4.019363\"],\"description\":\"Torrecaballeros\",\"title\":\"Torrecaballeros\",\"icon\":\"https:\\\/\\\/www.sexmeros.com\\\/SexmoSanLorenzo\\\/wp-content\\\/themes\\\/fudge2\\\/assets\\\/img\\\/marker1.png\"}]}'><\/div>\n    <\/div>\n    <!-- where -->\n\n    <!-- where__popup -->\n    <div class=\"where__popup\" >\n\n        <!-- site__title -->\n                <h2 class=\"site__title site__title_small\" >\n            Situaci\u00f3n de municipios        <\/h2>\n                <!-- \/site__title -->\n\n        <!-- where__layout -->\n        <div class=\"where__layout\">\n\n            <!-- where__text -->\n            <div class=\"where__text\">\n                                <p >Torrecaballeros esta a solo 15 minutos de Segovia por la carretera N-110<\/p>\n                            <\/div>\n            <!-- \/where__text -->\n\n            <!-- where__labels -->\n            <div class=\"where__labels\">\n\n            <\/div>\n            <!-- \/where__labels -->\n\n        <\/div>\n        <!-- \/where__layout -->\n\n        <!-- where__links -->\n        <a class=\"where__links where_view-all\" href=\"#\">VER TODO <i class=\"fa fa-long-arrow-right\"><\/i><\/a>\n        <!-- \/where__links -->\n\n        <!-- where__links -->\n        <a class=\"where__links where_back\" href=\"#\"><i class=\"fa fa-long-arrow-left\"><\/i> Atr\u00e1s<\/a>\n        <!-- \/where__links -->\n\n    <\/div>\n    <!-- \/where__popup -->\n\n<\/section>\n<!-- \/where -->    <div class=\"site__centered content\" >\n    <p style=\"text-align: center;\"><a href=\"https:\/\/goo.gl\/maps\/BU9uga2aPqUjEDn79\" target=\"_blank\" rel=\"noopener noreferrer\">Torrecaballeros (Segovia)<\/a><\/p>    <\/div>\n    <div class=\"image row content clearfix\"  style=\"text-align: center;margin-top: 25;margin-bottom: 25;\">\n        <img fetchpriority=\"high\" decoding=\"async\" src=\"https:\/\/www.sexmeros.com\/SexmoSanLorenzo\/wp-content\/uploads\/2019\/12\/Ayto_Torrecaballeros_logo.png\" width=\"350\" height=\"160\" alt=\"Ayuntamiento de Torrecaballleros\" \/>\n    <\/div>\n\t\t\t\t\t\t\t\t<\/div>\n\t\t\t\t<\/div>\n\t\t\t\t<div class=\"elementor-element elementor-element-82045da elementor-widget elementor-widget-heading\" data-id=\"82045da\" data-element_type=\"widget\" data-e-type=\"widget\" data-widget_type=\"heading.default\">\n\t\t\t\t<div class=\"elementor-widget-container\">\n\t\t\t\t\t<h2 class=\"elementor-heading-title elementor-size-default\">\u00bfDonde aparcamos?<\/h2>\t\t\t\t<\/div>\n\t\t\t\t<\/div>\n\t\t\t\t\t<\/div>\n\t\t<\/div>\n\t\t\t\t\t<\/div>\n\t\t<\/section>\n\t\t\t\t<section class=\"elementor-section elementor-top-section elementor-element elementor-element-2e63c8e elementor-section-boxed elementor-section-height-default elementor-section-height-default\" data-id=\"2e63c8e\" data-element_type=\"section\" data-e-type=\"section\">\n\t\t\t\t\t\t<div class=\"elementor-container elementor-column-gap-default\">\n\t\t\t\t\t<div class=\"elementor-column elementor-col-100 elementor-top-column elementor-element elementor-element-73c24b4\" data-id=\"73c24b4\" data-element_type=\"column\" data-e-type=\"column\">\n\t\t\t<div class=\"elementor-widget-wrap elementor-element-populated\">\n\t\t\t\t\t\t<div class=\"elementor-element elementor-element-53fd542 elementor-widget elementor-widget-text-editor\" data-id=\"53fd542\" data-element_type=\"widget\" data-e-type=\"widget\" data-widget_type=\"text-editor.default\">\n\t\t\t\t<div class=\"elementor-widget-container\">\n\t\t\t\t\t\t\t\t\t<div style=\"text-align: justify;\">El Ayuntamiento de Torrecaballeros ha realizado obras en las inmediaciones de las instalaciones deportivas (front\u00f3n &#8211; piscinas) para facilitar una zona de aparcamiento a los participantes.<br \/>La Salida y la Llegada, <strong>Zona Meta<\/strong>, estar\u00e1 ubicada ah\u00ed, a los pies del front\u00f3n de Torrecaballeros.<br \/><br \/>A escasos metros, se encuentran las instalaciones de las piscinas municipales, que tendran las puertas abiertas a la zona de vestuarios y duchas.\u00a0<br \/>La comida popular, se realizar\u00e1 en las instalaciones de las piscinas (cesped) aunque no estar\u00e1n h\u00e1biles para el ba\u00f1o.<br \/>A 100m de la zona de salida, hay una esplanada de 5.000m2 con capacidad de hasta 250 veh\u00edculos.<br \/>Esta zona estar\u00e1 vigilada en todo momento por la organizaci\u00f3n.<\/div><div style=\"text-align: justify;\">\u00a0<\/div><div style=\"text-align: justify;\">El mejor acceso a esta zona se realiza desde el aparcamiento de veh\u00edculos pesados anexo a la N-110 en la entrada del municipio subiendo por la <strong>calle Carretera de Tur\u00e9gano.<\/strong><\/div><div style=\"text-align: justify;\">\u00a0<\/div><div style=\"text-align: justify;\">Para entrar en esa zona del parking de veh\u00edculos pesados, debes acceder desde la <strong>primera glorieta<\/strong> cuando llegas desde Segovia por la N-110 o desde La Granja por la SG-P-6121<\/div><div style=\"text-align: justify;\">\u00a0<\/div><div style=\"text-align: justify;\">Otras zonas de estacionamiento se encuentran muy pr\u00f3ximas a esta, como por ejemplo todo el margen derecho de la calle <strong>Camino del Molino, <\/strong>aunque debes entrar y salir con precauci\u00f3n porque es la misma calle por donde llegan los participantes a meta.<br \/><br \/><br \/><\/div>\t\t\t\t\t\t\t\t<\/div>\n\t\t\t\t<\/div>\n\t\t\t\t\t<\/div>\n\t\t<\/div>\n\t\t\t\t\t<\/div>\n\t\t<\/section>\n\t\t\t\t<section class=\"elementor-section elementor-top-section elementor-element elementor-element-e446023 elementor-section-boxed elementor-section-height-default elementor-section-height-default\" data-id=\"e446023\" data-element_type=\"section\" data-e-type=\"section\">\n\t\t\t\t\t\t<div class=\"elementor-container elementor-column-gap-default\">\n\t\t\t\t\t<div class=\"elementor-column elementor-col-100 elementor-top-column elementor-element elementor-element-6be34ae\" data-id=\"6be34ae\" data-element_type=\"column\" data-e-type=\"column\">\n\t\t\t<div class=\"elementor-widget-wrap elementor-element-populated\">\n\t\t\t\t\t\t<div class=\"elementor-element elementor-element-381eeb2 elementor-widget elementor-widget-shortcode\" data-id=\"381eeb2\" data-element_type=\"widget\" data-e-type=\"widget\" data-widget_type=\"shortcode.default\">\n\t\t\t\t<div class=\"elementor-widget-container\">\n\t\t\t\t\t\t\t<div class=\"elementor-shortcode\">[iframe  src=\"https:\/\/www.google.com\/maps\/d\/embed?mid=1orL0nQONto0h78UQWPysW2e_WifEvlU&ehbc=2E312F\" width=\"640\" height=\"680\"]\n<\/div>\n\t\t\t\t\t\t<\/div>\n\t\t\t\t<\/div>\n\t\t\t\t\t<\/div>\n\t\t<\/div>\n\t\t\t\t\t<\/div>\n\t\t<\/section>\n\t\t\t\t<\/div>\n\t\t","protected":false},"excerpt":{"rendered":"<p>\u00bfDonde aparcamos? El Ayuntamiento de Torrecaballeros ha realizado obras en las inmediaciones de las instalaciones deportivas (front\u00f3n &#8211; piscinas) para facilitar una zona de aparcamiento a los participantes.La Salida y la Llegada, Zona Meta, estar\u00e1 ubicada ah\u00ed, a los pies del front\u00f3n de Torrecaballeros. A escasos metros, se encuentran las instalaciones de las piscinas municipales, [&hellip;]<\/p>\n","protected":false},"author":1,"featured_media":0,"parent":115,"menu_order":0,"comment_status":"closed","ping_status":"closed","template":"","meta":{"footnotes":""},"class_list":["post-111","page","type-page","status-publish","hentry"],"_links":{"self":[{"href":"https:\/\/www.sexmeros.com\/SexmoSanLorenzo\/wp-json\/wp\/v2\/pages\/111","targetHints":{"allow":["GET"]}}],"collection":[{"href":"https:\/\/www.sexmeros.com\/SexmoSanLorenzo\/wp-json\/wp\/v2\/pages"}],"about":[{"href":"https:\/\/www.sexmeros.com\/SexmoSanLorenzo\/wp-json\/wp\/v2\/types\/page"}],"author":[{"embeddable":true,"href":"https:\/\/www.sexmeros.com\/SexmoSanLorenzo\/wp-json\/wp\/v2\/users\/1"}],"replies":[{"embeddable":true,"href":"https:\/\/www.sexmeros.com\/SexmoSanLorenzo\/wp-json\/wp\/v2\/comments?post=111"}],"version-history":[{"count":3,"href":"https:\/\/www.sexmeros.com\/SexmoSanLorenzo\/wp-json\/wp\/v2\/pages\/111\/revisions"}],"predecessor-version":[{"id":5301,"href":"https:\/\/www.sexmeros.com\/SexmoSanLorenzo\/wp-json\/wp\/v2\/pages\/111\/revisions\/5301"}],"up":[{"embeddable":true,"href":"https:\/\/www.sexmeros.com\/SexmoSanLorenzo\/wp-json\/wp\/v2\/pages\/115"}],"wp:attachment":[{"href":"https:\/\/www.sexmeros.com\/SexmoSanLorenzo\/wp-json\/wp\/v2\/media?parent=111"}],"curies":[{"name":"wp","href":"https:\/\/api.w.org\/{rel}","templated":true}]}}